{"id":2106,"date":"2019-03-26T22:24:03","date_gmt":"2019-03-26T22:24:03","guid":{"rendered":"http:\/\/dimartours.com\/ipsc\/?page_id=8"},"modified":"2020-04-01T20:03:06","modified_gmt":"2020-04-01T23:03:06","slug":"reglamento-arma-corta","status":"publish","type":"page","link":"https:\/\/ipsc.org.uy\/index.php\/reglamento-arma-corta\/","title":{"rendered":"Reglamento Arma Corta"},"content":{"rendered":"\t\t<div data-elementor-type=\"wp-post\" data-elementor-id=\"2106\" class=\"elementor elementor-2106\" data-elementor-post-type=\"page\">\n\t\t\t\t\t\t<section data-particle_enable=\"false\" data-particle-mobile-disabled=\"false\" class=\"elementor-section elementor-top-section elementor-element elementor-element-f32703f elementor-hidden-phone elementor-section-boxed elementor-section-height-default elementor-section-height-default\" data-id=\"f32703f\" data-element_type=\"section\">\n\t\t\t\t\t\t<div class=\"elementor-container elementor-column-gap-default\">\n\t\t\t\t\t<div class=\"elementor-column elementor-col-100 elementor-top-column elementor-element elementor-element-ba6e290\" data-id=\"ba6e290\" data-element_type=\"column\">\n\t\t\t<div class=\"elementor-widget-wrap elementor-element-populated\">\n\t\t\t\t\t\t<div class=\"elementor-element elementor-element-6523c85 elementor-widget elementor-widget-spacer\" data-id=\"6523c85\" data-element_type=\"widget\" data-widget_type=\"spacer.default\">\n\t\t\t\t<div class=\"elementor-widget-container\">\n\t\t\t\t\t\t\t<div class=\"elementor-spacer\">\n\t\t\t<div class=\"elementor-spacer-inner\"><\/div>\n\t\t<\/div>\n\t\t\t\t\t\t<\/div>\n\t\t\t\t<\/div>\n\t\t\t\t\t<\/div>\n\t\t<\/div>\n\t\t\t\t\t<\/div>\n\t\t<\/section>\n\t\t\t\t<section data-particle_enable=\"false\" data-particle-mobile-disabled=\"false\" class=\"elementor-section elementor-top-section elementor-element elementor-element-668b974 elementor-section-stretched elementor-section-boxed elementor-section-height-default elementor-section-height-default\" data-id=\"668b974\" data-element_type=\"section\" data-settings=\"{&quot;stretch_section&quot;:&quot;section-stretched&quot;}\">\n\t\t\t\t\t\t<div class=\"elementor-container elementor-column-gap-default\">\n\t\t\t\t\t<div class=\"elementor-column elementor-col-100 elementor-top-column elementor-element elementor-element-75a58bb\" data-id=\"75a58bb\" data-element_type=\"column\">\n\t\t\t<div class=\"elementor-widget-wrap elementor-element-populated\">\n\t\t\t\t\t\t<div class=\"elementor-element elementor-element-9d24fd1 elementor-widget elementor-widget-heading\" data-id=\"9d24fd1\" data-element_type=\"widget\" data-widget_type=\"heading.default\">\n\t\t\t\t<div class=\"elementor-widget-container\">\n\t\t\t\t\t<h1 class=\"elementor-heading-title elementor-size-default\">REGLAMENTO ARMA CORTA<\/h1>\t\t\t\t<\/div>\n\t\t\t\t<\/div>\n\t\t\t\t\t<\/div>\n\t\t<\/div>\n\t\t\t\t\t<\/div>\n\t\t<\/section>\n\t\t\t\t<section data-particle_enable=\"false\" data-particle-mobile-disabled=\"false\" class=\"elementor-section elementor-top-section elementor-element elementor-element-a3f88a6 elementor-section-boxed elementor-section-height-default elementor-section-height-default\" data-id=\"a3f88a6\" data-element_type=\"section\">\n\t\t\t\t\t\t<div class=\"elementor-container elementor-column-gap-default\">\n\t\t\t\t\t<div class=\"elementor-column elementor-col-100 elementor-top-column elementor-element elementor-element-d0ca54d\" data-id=\"d0ca54d\" data-element_type=\"column\">\n\t\t\t<div class=\"elementor-widget-wrap elementor-element-populated\">\n\t\t\t\t\t\t<div class=\"elementor-element elementor-element-b784658 elementor-widget elementor-widget-text-editor\" data-id=\"b784658\" data-element_type=\"widget\" data-widget_type=\"text-editor.default\">\n\t\t\t\t<div class=\"elementor-widget-container\">\n\t\t\t\t\t\t\t\t\t<p><\/p>\n<p>Las Reglas IPSC forman la base de nuestro deporte, al igual que las reglas para cualquier deporte. Las Reglas establecen est\u00e1ndares para la competencia en todo el mundo y garantizan la seguridad y el buen orden en nuestro deporte.<\/p>\n<p><\/p>\n<p>Los oficiales organizan y dirigen competiciones para que los competidores puedan disparar una fecha IPSC en cualquier parte del mundo de manera segura y organizada.<\/p>\n<p><\/p>\n<p>Los siguientes principios generales de dise\u00f1o de etapas enumeran los criterios, responsabilidades y restricciones que rigen a los dise\u00f1adores de etapas como los arquitectos del deporte de tiro IPSC.<\/p>\n<p><\/p>\n<p><strong>La seguridad<br \/><\/strong>Las fechas IPSC deben ser dise\u00f1adas, construidas y dirigidas con la debida consideraci\u00f3n a la seguridad.<\/p>\n<p><\/p>\n<p><strong>Calidad<\/strong><br \/>El valor de una fecha IPSC est\u00e1 determinado por la calidad del desaf\u00edo presentado en el dise\u00f1o de la etapa. Las etapas de tiro deben dise\u00f1arse principalmente para probar las habilidades de disparo IPSC de un competidor, no necesariamente sus habilidades f\u00edsicas.<\/p>\n<p><\/p>\n<p><strong>Equilibrar<\/strong><br \/>La precisi\u00f3n, la potencia y la velocidad son elementos equivalentes del disparo IPSC, y se expresan en las palabras en lat\u00edn \u00abDiligentia, Vis, Celeritas\u00bb (\u00abDVC\u00bb). Un curso de tiro adecuadamente equilibrado depender\u00e1 en gran medida de la naturaleza de los desaf\u00edos presentados en \u00e9l, sin embargo, los cursos deben dise\u00f1arse y los torneos IPSC deben realizarse de tal manera que se eval\u00faen estos elementos por igual.<\/p>\n<p><\/p>\n<p><strong>Diversidad<\/strong><br \/>Los desaf\u00edos de tiro IPSC son diversos. No debe repetirse una sola etapa de tiro para permitir que su uso se considere una medida definitiva de las habilidades de disparo IPSC.<\/p>\n<p><\/p>\n<p><strong>Estilo libre<\/strong><br \/>Se debe permitir a los competidores que resuelvan el desaf\u00edo presentado de manera libre y que disparen a los objetivos \u00abcomo y cuando sean visibles\u00bb.<\/p>\n<p><\/p>\n<p><strong>Dificultad<\/strong><br \/>Los torneos IPSC presentan diversos grados de dificultad. Ning\u00fan desaf\u00edo de tiro o l\u00edmite de tiempo puede ser apelado como prohibitivo. Esto no se aplica a los desaf\u00edos de no disparar, que deber\u00edan razonablemente permitir diferencias en la altura y la constituci\u00f3n f\u00edsica de la competencia.<\/p>\n<p><\/p>\n<p><strong>Reto<\/strong><br \/>Las coincidencias IPSC reconocen la dificultad de usar armas de fuego de potencia total en disparos din\u00e1micos y siempre deben emplear un calibre m\u00ednimo y un nivel de potencia que todos los competidores puedan alcanzar para reflejar este desaf\u00edo.<\/p>\n<p><\/p>\t\t\t\t\t\t\t\t<\/div>\n\t\t\t\t<\/div>\n\t\t\t\t\t<\/div>\n\t\t<\/div>\n\t\t\t\t\t<\/div>\n\t\t<\/section>\n\t\t\t\t<section data-particle_enable=\"false\" data-particle-mobile-disabled=\"false\" class=\"elementor-section elementor-top-section elementor-element elementor-element-a00c01d elementor-section-content-middle elementor-section-boxed elementor-section-height-default elementor-section-height-default\" data-id=\"a00c01d\" data-element_type=\"section\">\n\t\t\t\t\t\t<div class=\"elementor-container elementor-column-gap-default\">\n\t\t\t\t\t<div class=\"elementor-column elementor-col-50 elementor-top-column elementor-element elementor-element-257cecf\" data-id=\"257cecf\" data-element_type=\"column\">\n\t\t\t<div class=\"elementor-widget-wrap elementor-element-populated\">\n\t\t\t\t\t\t<div class=\"elementor-element elementor-element-4d34159 elementor-align-center elementor-widget elementor-widget-button\" data-id=\"4d34159\" data-element_type=\"widget\" data-widget_type=\"button.default\">\n\t\t\t\t<div class=\"elementor-widget-container\">\n\t\t\t\t\t\t\t\t\t<div class=\"elementor-button-wrapper\">\n\t\t\t\t\t<a class=\"elementor-button elementor-button-link elementor-size-sm\" href=\"https:\/\/ipsc.org.uy\/pdf\/RulesHandgun.pdf\" target=\"_blank\">\n\t\t\t\t\t\t<span class=\"elementor-button-content-wrapper\">\n\t\t\t\t\t\t<span class=\"elementor-button-icon\">\n\t\t\t\t<i aria-hidden=\"true\" class=\"fas fa-download\"><\/i>\t\t\t<\/span>\n\t\t\t\t\t\t\t\t\t<span class=\"elementor-button-text\">Reglamento Arma Corta (Ingl\u00e9s)<\/span>\n\t\t\t\t\t<\/span>\n\t\t\t\t\t<\/a>\n\t\t\t\t<\/div>\n\t\t\t\t\t\t\t\t<\/div>\n\t\t\t\t<\/div>\n\t\t\t\t\t<\/div>\n\t\t<\/div>\n\t\t\t\t<div class=\"elementor-column elementor-col-50 elementor-top-column elementor-element elementor-element-2f0e1e8\" data-id=\"2f0e1e8\" data-element_type=\"column\">\n\t\t\t<div class=\"elementor-widget-wrap elementor-element-populated\">\n\t\t\t\t\t\t<div class=\"elementor-element elementor-element-7c5e123 elementor-align-center elementor-widget elementor-widget-button\" data-id=\"7c5e123\" data-element_type=\"widget\" data-widget_type=\"button.default\">\n\t\t\t\t<div class=\"elementor-widget-container\">\n\t\t\t\t\t\t\t\t\t<div class=\"elementor-button-wrapper\">\n\t\t\t\t\t<a class=\"elementor-button elementor-button-link elementor-size-sm\" href=\"https:\/\/ipsc.org.uy\/pdf\/RulesHandgunESP.pdf\" target=\"_blank\">\n\t\t\t\t\t\t<span class=\"elementor-button-content-wrapper\">\n\t\t\t\t\t\t<span class=\"elementor-button-icon\">\n\t\t\t\t<i aria-hidden=\"true\" class=\"fas fa-download\"><\/i>\t\t\t<\/span>\n\t\t\t\t\t\t\t\t\t<span class=\"elementor-button-text\">Reglamento Arma Corta (Espa\u00f1ol)<\/span>\n\t\t\t\t\t<\/span>\n\t\t\t\t\t<\/a>\n\t\t\t\t<\/div>\n\t\t\t\t\t\t\t\t<\/div>\n\t\t\t\t<\/div>\n\t\t\t\t\t<\/div>\n\t\t<\/div>\n\t\t\t\t\t<\/div>\n\t\t<\/section>\n\t\t\t\t<section data-particle_enable=\"false\" data-particle-mobile-disabled=\"false\" class=\"elementor-section elementor-top-section elementor-element elementor-element-99cc51c elementor-section-content-middle elementor-section-boxed elementor-section-height-default elementor-section-height-default\" data-id=\"99cc51c\" data-element_type=\"section\">\n\t\t\t\t\t\t<div class=\"elementor-container elementor-column-gap-default\">\n\t\t\t\t\t<div class=\"elementor-column elementor-col-50 elementor-top-column elementor-element elementor-element-6726f08\" data-id=\"6726f08\" data-element_type=\"column\">\n\t\t\t<div class=\"elementor-widget-wrap elementor-element-populated\">\n\t\t\t\t\t\t<div class=\"elementor-element elementor-element-1a155bc elementor-align-center elementor-widget elementor-widget-button\" data-id=\"1a155bc\" data-element_type=\"widget\" data-widget_type=\"button.default\">\n\t\t\t\t<div class=\"elementor-widget-container\">\n\t\t\t\t\t\t\t\t\t<div class=\"elementor-button-wrapper\">\n\t\t\t\t\t<a class=\"elementor-button elementor-button-link elementor-size-sm\" href=\"https:\/\/ipsc.org.uy\/pdf\/IPSC_Competition_Rules_Interpretations-January_2019-Final_30_Jan_2019.pdf\" target=\"_blank\">\n\t\t\t\t\t\t<span class=\"elementor-button-content-wrapper\">\n\t\t\t\t\t\t<span class=\"elementor-button-icon\">\n\t\t\t\t<i aria-hidden=\"true\" class=\"fas fa-download\"><\/i>\t\t\t<\/span>\n\t\t\t\t\t\t\t\t\t<span class=\"elementor-button-text\">Interpretaci\u00f3n Enero 2019 (Ingl\u00e9s)<\/span>\n\t\t\t\t\t<\/span>\n\t\t\t\t\t<\/a>\n\t\t\t\t<\/div>\n\t\t\t\t\t\t\t\t<\/div>\n\t\t\t\t<\/div>\n\t\t\t\t\t<\/div>\n\t\t<\/div>\n\t\t\t\t<div class=\"elementor-column elementor-col-50 elementor-top-column elementor-element elementor-element-d687480\" data-id=\"d687480\" data-element_type=\"column\">\n\t\t\t<div class=\"elementor-widget-wrap elementor-element-populated\">\n\t\t\t\t\t\t<div class=\"elementor-element elementor-element-fc04661 elementor-align-center elementor-widget elementor-widget-button\" data-id=\"fc04661\" data-element_type=\"widget\" data-widget_type=\"button.default\">\n\t\t\t\t<div class=\"elementor-widget-container\">\n\t\t\t\t\t\t\t\t\t<div class=\"elementor-button-wrapper\">\n\t\t\t\t\t<a class=\"elementor-button elementor-button-link elementor-size-sm\" href=\"https:\/\/ipsc.org.uy\/pdf\/IPSC_Competition_Rules_Interpretations-January_2019_ESP.pdf\" target=\"_blank\">\n\t\t\t\t\t\t<span class=\"elementor-button-content-wrapper\">\n\t\t\t\t\t\t<span class=\"elementor-button-icon\">\n\t\t\t\t<i aria-hidden=\"true\" class=\"fas fa-download\"><\/i>\t\t\t<\/span>\n\t\t\t\t\t\t\t\t\t<span class=\"elementor-button-text\">Interpretaci\u00f3n Enero 2019 (Espa\u00f1ol)<\/span>\n\t\t\t\t\t<\/span>\n\t\t\t\t\t<\/a>\n\t\t\t\t<\/div>\n\t\t\t\t\t\t\t\t<\/div>\n\t\t\t\t<\/div>\n\t\t\t\t\t<\/div>\n\t\t<\/div>\n\t\t\t\t\t<\/div>\n\t\t<\/section>\n\t\t\t\t<section data-particle_enable=\"false\" data-particle-mobile-disabled=\"false\" class=\"elementor-section elementor-top-section elementor-element elementor-element-3b284f8 elementor-section-boxed elementor-section-height-default elementor-section-height-default\" data-id=\"3b284f8\" data-element_type=\"section\">\n\t\t\t\t\t\t<div class=\"elementor-container elementor-column-gap-default\">\n\t\t\t\t\t<div class=\"elementor-column elementor-col-100 elementor-top-column elementor-element elementor-element-624db01\" data-id=\"624db01\" data-element_type=\"column\">\n\t\t\t<div class=\"elementor-widget-wrap elementor-element-populated\">\n\t\t\t\t\t\t<div class=\"elementor-element elementor-element-2a9422e elementor-widget elementor-widget-spacer\" data-id=\"2a9422e\" data-element_type=\"widget\" data-widget_type=\"spacer.default\">\n\t\t\t\t<div class=\"elementor-widget-container\">\n\t\t\t\t\t\t\t<div class=\"elementor-spacer\">\n\t\t\t<div class=\"elementor-spacer-inner\"><\/div>\n\t\t<\/div>\n\t\t\t\t\t\t<\/div>\n\t\t\t\t<\/div>\n\t\t\t\t\t<\/div>\n\t\t<\/div>\n\t\t\t\t\t<\/div>\n\t\t<\/section>\n\t\t\t\t<\/div>\n\t\t","protected":false},"excerpt":{"rendered":"<p>REGLAMENTO ARMA CORTA Las Reglas IPSC forman la base de nuestro deporte, al igual que las reglas para cualquier deporte. Las Reglas establecen est\u00e1ndares para la competencia en todo el mundo y garantizan la seguridad y el buen orden en nuestro deporte. Los oficiales organizan y dirigen competiciones para que los competidores puedan disparar una [&hellip;]<\/p>\n","protected":false},"author":1,"featured_media":0,"parent":0,"menu_order":0,"comment_status":"closed","ping_status":"closed","template":"elementor_header_footer","meta":{"footnotes":""},"class_list":["post-2106","page","type-page","status-publish","hentry"],"publishpress_future_action":{"enabled":false,"date":"2026-05-09 08:37:58","action":"change-status","newStatus":"draft","terms":[],"taxonomy":"","extraData":[]},"publishpress_future_workflow_manual_trigger":{"enabledWorkflows":[]},"_links":{"self":[{"href":"https:\/\/ipsc.org.uy\/index.php\/wp-json\/wp\/v2\/pages\/2106","targetHints":{"allow":["GET"]}}],"collection":[{"href":"https:\/\/ipsc.org.uy\/index.php\/wp-json\/wp\/v2\/pages"}],"about":[{"href":"https:\/\/ipsc.org.uy\/index.php\/wp-json\/wp\/v2\/types\/page"}],"author":[{"embeddable":true,"href":"https:\/\/ipsc.org.uy\/index.php\/wp-json\/wp\/v2\/users\/1"}],"replies":[{"embeddable":true,"href":"https:\/\/ipsc.org.uy\/index.php\/wp-json\/wp\/v2\/comments?post=2106"}],"version-history":[{"count":16,"href":"https:\/\/ipsc.org.uy\/index.php\/wp-json\/wp\/v2\/pages\/2106\/revisions"}],"predecessor-version":[{"id":2818,"href":"https:\/\/ipsc.org.uy\/index.php\/wp-json\/wp\/v2\/pages\/2106\/revisions\/2818"}],"wp:attachment":[{"href":"https:\/\/ipsc.org.uy\/index.php\/wp-json\/wp\/v2\/media?parent=2106"}],"curies":[{"name":"wp","href":"https:\/\/api.w.org\/{rel}","templated":true}]}}