{"id":262,"date":"2020-02-08T23:53:18","date_gmt":"2020-02-09T02:53:18","guid":{"rendered":"https:\/\/ipsc.org.uy\/?page_id=262"},"modified":"2020-04-01T19:54:02","modified_gmt":"2020-04-01T22:54:02","slug":"historia","status":"publish","type":"page","link":"https:\/\/ipsc.org.uy\/index.php\/historia\/","title":{"rendered":"FUTP &#8211; HISTORIA"},"content":{"rendered":"\t\t<div data-elementor-type=\"wp-page\" data-elementor-id=\"262\" class=\"elementor elementor-262\" data-elementor-post-type=\"page\">\n\t\t\t\t\t\t<section data-particle_enable=\"false\" data-particle-mobile-disabled=\"false\" class=\"elementor-section elementor-top-section elementor-element elementor-element-4a37bfd elementor-hidden-phone elementor-section-boxed elementor-section-height-default elementor-section-height-default\" data-id=\"4a37bfd\" data-element_type=\"section\">\n\t\t\t\t\t\t<div class=\"elementor-container elementor-column-gap-default\">\n\t\t\t\t\t<div class=\"elementor-column elementor-col-100 elementor-top-column elementor-element elementor-element-c1d49be\" data-id=\"c1d49be\" data-element_type=\"column\">\n\t\t\t<div class=\"elementor-widget-wrap elementor-element-populated\">\n\t\t\t\t\t\t<div class=\"elementor-element elementor-element-6defe9c elementor-widget elementor-widget-spacer\" data-id=\"6defe9c\" data-element_type=\"widget\" data-widget_type=\"spacer.default\">\n\t\t\t\t<div class=\"elementor-widget-container\">\n\t\t\t\t\t\t\t<div class=\"elementor-spacer\">\n\t\t\t<div class=\"elementor-spacer-inner\"><\/div>\n\t\t<\/div>\n\t\t\t\t\t\t<\/div>\n\t\t\t\t<\/div>\n\t\t\t\t\t<\/div>\n\t\t<\/div>\n\t\t\t\t\t<\/div>\n\t\t<\/section>\n\t\t\t\t<section data-particle_enable=\"false\" data-particle-mobile-disabled=\"false\" class=\"elementor-section elementor-top-section elementor-element elementor-element-005a664 elementor-section-stretched elementor-section-boxed elementor-section-height-default elementor-section-height-default\" data-id=\"005a664\" data-element_type=\"section\" data-settings=\"{&quot;stretch_section&quot;:&quot;section-stretched&quot;}\">\n\t\t\t\t\t\t<div class=\"elementor-container elementor-column-gap-default\">\n\t\t\t\t\t<div class=\"elementor-column elementor-col-100 elementor-top-column elementor-element elementor-element-3de6022\" data-id=\"3de6022\" data-element_type=\"column\">\n\t\t\t<div class=\"elementor-widget-wrap elementor-element-populated\">\n\t\t\t\t\t\t<div class=\"elementor-element elementor-element-1f74424 elementor-widget elementor-widget-heading\" data-id=\"1f74424\" data-element_type=\"widget\" data-widget_type=\"heading.default\">\n\t\t\t\t<div class=\"elementor-widget-container\">\n\t\t\t\t\t<h2 class=\"elementor-heading-title elementor-size-default\">FUTP \u2013 HISTORIA<\/h2>\t\t\t\t<\/div>\n\t\t\t\t<\/div>\n\t\t\t\t\t<\/div>\n\t\t<\/div>\n\t\t\t\t\t<\/div>\n\t\t<\/section>\n\t\t\t\t<section data-particle_enable=\"false\" data-particle-mobile-disabled=\"false\" class=\"elementor-section elementor-top-section elementor-element elementor-element-2b8af46 elementor-section-stretched elementor-section-boxed elementor-section-height-default elementor-section-height-default\" data-id=\"2b8af46\" data-element_type=\"section\" data-settings=\"{&quot;stretch_section&quot;:&quot;section-stretched&quot;}\">\n\t\t\t\t\t\t<div class=\"elementor-container elementor-column-gap-no\">\n\t\t\t\t\t<div class=\"elementor-column elementor-col-100 elementor-top-column elementor-element elementor-element-dedef97\" data-id=\"dedef97\" data-element_type=\"column\">\n\t\t\t<div class=\"elementor-widget-wrap elementor-element-populated\">\n\t\t\t\t\t\t<div class=\"elementor-element elementor-element-110c27c animated-slow elementor-invisible elementor-widget elementor-widget-text-editor\" data-id=\"110c27c\" data-element_type=\"widget\" data-settings=\"{&quot;_animation&quot;:&quot;fadeIn&quot;}\" data-widget_type=\"text-editor.default\">\n\t\t\t\t<div class=\"elementor-widget-container\">\n\t\t\t\t\t\t\t\t\t<p style=\"text-align: left;\">BREVE HISTORIA DEL TIRO PR\u00c1CTICO EN URUGUAY \u00a0 \u00a0<\/p><p>(Referencias: Ing. Aldo Ipuche y Jorge Fornaro \u201cLa leyenda Vieja\u201d)<\/p><p><img fetchpriority=\"high\" decoding=\"async\" class=\"aligncenter wp-image-2610\" src=\"https:\/\/ipsc.org.uy\/wp-content\/uploads\/2020\/03\/futp_historia02.jpg\" alt=\"\" width=\"600\" height=\"413\" srcset=\"https:\/\/ipsc.org.uy\/wp-content\/uploads\/2020\/03\/futp_historia02.jpg 1024w, https:\/\/ipsc.org.uy\/wp-content\/uploads\/2020\/03\/futp_historia02-300x207.jpg 300w, https:\/\/ipsc.org.uy\/wp-content\/uploads\/2020\/03\/futp_historia02-768x529.jpg 768w\" sizes=\"(max-width: 600px) 100vw, 600px\" \/><br \/>En 1990 el Ing. Aldo Ipuche estando en Argentina, donde el tiro pr\u00e1ctico empezaba sus primeros pasos, consigue un reglamento IPSC y unos blancos \u201cmetrics\u201d para intentar el comienzo del tiro IPSC en Uruguay.<\/p><p>La primera tirada se realiz\u00f3 en la estancia \u201cEl Palenque\u201d de Guillermo Jude con un grupo peque\u00f1o de tiradores del Club Uruguayo de Tiro, dando inicio en Uruguay a la modalidad de tiro con mayor desarrollo mundial a la fecha.<\/p><p>En la misma \u00e9poca, otro grupo de tiradores dirigidos por el Mayor Juan Cipollini hab\u00edan fundado la Asociaci\u00f3n Uruguaya de Tiro Pr\u00e1ctico (AUTP) con personer\u00eda jur\u00eddica y estaban realizando pr\u00e1cticas y torneos en una modalidad que si bien no era IPSC, apuntaba a la pr\u00e1ctica del tiro orientado a la defensa.\u00a0 Esta actividad era realizada en la pedana de la Guardia de Coraceros. Se trataba de un grupo de m\u00e1s de 20 personas, entre cazadores y tiradores que comenzaron a practicar esta modalidad, donde las armas eran solamente revolver, y los S&amp;W 686, alg\u00fan Colt Python y hasta alg\u00fan modelo 10 o Chief dominaban los inicios de este deporte.<\/p><p>En el a\u00f1o 1991, Aldo Ipuche se asocia a la AUTP y presenta la iniciativa de cambiar la pr\u00e1ctica del tiro a la modalidad IPSC usando los blancos oficiales y el reglamento internacional de la IPSC. No habiendo pol\u00edgonos adecuados, fue el Mayor Juan Cipollini el que consigui\u00f3 el Pol\u00edgono del Ej\u00e9rcito y all\u00ed comenzaron a organizarse los primeros torneos de Tiro Pr\u00e1ctico IPSC en forma ordenada en la capital. Paralelamente, en el interior del pa\u00eds en Salto y Paysand\u00fa se comenzaba a tirar esta disciplina.<\/p><p>En 1992 con cierta experiencia a cuestas y con la participaci\u00f3n de tiradores de clubes del interior y de Argentina se organiza un torneo internacional en la estancia \u201cEl Palenque\u201d. Terminado el mismo y luego de la premiaci\u00f3n se realiz\u00f3 una reuni\u00f3n con todos los tiradores y se acord\u00f3 dar los pasos formales para fundar la Federaci\u00f3n Uruguaya de Tiro Pr\u00e1ctico.<\/p><p>Un a\u00f1o despu\u00e9s en 1993, los hermanos Amboldi, tiradores y Range Officers de la Rep\u00fablica Argentina, vienen al Uruguay e imparten el primer curso de Oficiales de Campo. A partir de ese momento un grupo importante de tiradores compatriotas se diploma como tales lo cual jerarquiza cada vez m\u00e1s nuestro creciente deporte. Pocos meses despu\u00e9s y luego de un a\u00f1o de trabajos en un predio rural de Canelones, Aldo Ipuche ocupando en ese momento la presidencia de la AUTP, inaugura el Country Shooting Club (hoy administrado por AUCAM), el primer pol\u00edgono de tiro pr\u00e1ctico en el Uruguay, en el que mes a mes organizamos los torneos de la FUTP en la actualidad.<\/p><p><img decoding=\"async\" class=\"aligncenter wp-image-2611\" src=\"https:\/\/ipsc.org.uy\/wp-content\/uploads\/2020\/03\/futp_historia03-300x188.jpg\" alt=\"\" width=\"400\" height=\"251\" srcset=\"https:\/\/ipsc.org.uy\/wp-content\/uploads\/2020\/03\/futp_historia03-300x188.jpg 300w, https:\/\/ipsc.org.uy\/wp-content\/uploads\/2020\/03\/futp_historia03-768x482.jpg 768w, https:\/\/ipsc.org.uy\/wp-content\/uploads\/2020\/03\/futp_historia03.jpg 1024w\" sizes=\"(max-width: 400px) 100vw, 400px\" \/><br \/>El\u00a0 2\u00ba Torneo Panamericano de Tiro Pr\u00e1ctico 1993, en la Rep\u00fablica Argentina, es el primer evento internacional\u00a0 con una importante delegaci\u00f3n de tiradores uruguayos y al a\u00f1o siguiente\u00a0 se afianza \u00e9sta participaci\u00f3n en la III Copa Sudamericana de Tiro Pr\u00e1ctico en Lomas de Zamora con la presencia tiradores de 5 clubes integrantes de la FUTP.<\/p><p>Ese mismo a\u00f1o 1993, el tirador Guillermo Jude concurre a disparar el Campeonato Mundial en Bisley, Inglaterra y lo hace como tirador argentino, donde se hab\u00eda federado, ya que Uruguay no era todav\u00eda reconocido por la IPSC. Es en \u00e9sta asamblea mundial presidida por Jean Pierre Denis, que Argentina avala la postulaci\u00f3n a integrar la IPSC, lo cual se acepta en car\u00e1cter provisorio por un a\u00f1o y es designado de manera unilateral Guillermo Jude como Director Regional para Uruguay. A partir de ese a\u00f1o la presencia de tiradores uruguayos en torneos internacionales regionales y mundiales no ha cesado.<\/p><p><img decoding=\"async\" class=\"aligncenter wp-image-2609\" src=\"https:\/\/ipsc.org.uy\/wp-content\/uploads\/2020\/03\/futp_historia01-300x158.jpg\" alt=\"\" width=\"400\" height=\"211\" srcset=\"https:\/\/ipsc.org.uy\/wp-content\/uploads\/2020\/03\/futp_historia01-300x158.jpg 300w, https:\/\/ipsc.org.uy\/wp-content\/uploads\/2020\/03\/futp_historia01-768x405.jpg 768w, https:\/\/ipsc.org.uy\/wp-content\/uploads\/2020\/03\/futp_historia01.jpg 1024w\" sizes=\"(max-width: 400px) 100vw, 400px\" \/><br \/>En el a\u00f1o 1994, Aldo Ipuche organiza en el Country Shooting Club la Primera Copa Mercosur que cont\u00f3 con tiradores de Argentina y Brasil. A partir de ah\u00ed, comienzan a realizarse torneos de Tiro Pr\u00e1ctico en todo el pa\u00eds.<\/p><p>En el a\u00f1o 1996, luego de un torneo en las Termas de Arapey en Salto,\u00a0 se realiza la primera asamblea de clubes, y con la presencia de los delegados del Club Uruguayo de Tiro, el Club Naval, el Club Salte\u00f1o de Tiro y Caza, el Club de Tiro Paysand\u00fa, Coraceros Polo Club y el Club Minuano de Tiro y Caza y en presencia de\u00a0 escribano se confecciona el acta fundacional y estatutos de la Federaci\u00f3n Uruguaya de Tiro Pr\u00e1ctico quedando en ese momento bajo la presidencia del Ing. Luis Artola del Club Paysand\u00fa, la vicepresidencia del\u00a0 Ing. Luis Garc\u00eda del Club Minuano y la secretaria del Sr. Jorge Fornaro del Club Uruguayo de Tiro .<\/p><p>En el a\u00f1o 2002, en el Campeonato Mundial de IPSC en Sud\u00e1frica, Uruguay representado por Guillermo Jude, alcanza el m\u00e1ximo galard\u00f3n internacional para si y para la FUTP obteniendo el 3er. Puesto en la Divisi\u00f3n Producci\u00f3n.<\/p><p>De ah\u00ed en m\u00e1s, ha sido muy importante la cantidad de torneos Regionales, Latinoamericanos y Mundiales que han contado con la presencia de tiradores uruguayos, obteniendo destacadas actuaciones como medallas por equipos y personales en Panamericanos, Latinoamericanos y Torneos de nivel III Internacionales.<\/p><p>Los logros m\u00e1s importantes en la actualidad a nivel internacional son los alcanzados por el tirador Enrique Larra\u00f1aga quien obtuvo el primer puesto en Classic en el Torneo Nacional Argentino 2018 y se galardon\u00f3 como\u00a0 CAMPE\u00d3N LATINOAMERICANO en la Divisi\u00f3n Classic en 2019.<\/p><p>Todo esto jerarquiza nuestro deporte y nos permite seguir trasmitiendo lo aprendido a los que ahora comienzan.<\/p>\t\t\t\t\t\t\t\t<\/div>\n\t\t\t\t<\/div>\n\t\t\t\t<section data-particle_enable=\"false\" data-particle-mobile-disabled=\"false\" class=\"elementor-section elementor-inner-section elementor-element elementor-element-5bba872 elementor-section-boxed elementor-section-height-default elementor-section-height-default\" data-id=\"5bba872\" data-element_type=\"section\">\n\t\t\t\t\t\t<div class=\"elementor-container elementor-column-gap-narrow\">\n\t\t\t\t\t<div class=\"elementor-column elementor-col-50 elementor-inner-column elementor-element elementor-element-4cea900\" data-id=\"4cea900\" data-element_type=\"column\">\n\t\t\t<div class=\"elementor-widget-wrap elementor-element-populated\">\n\t\t\t\t\t\t<div class=\"elementor-element elementor-element-5cd4029 elementor-widget elementor-widget-image\" data-id=\"5cd4029\" data-element_type=\"widget\" data-widget_type=\"image.default\">\n\t\t\t\t<div class=\"elementor-widget-container\">\n\t\t\t\t\t\t\t\t\t\t\t\t\t\t\t<img loading=\"lazy\" decoding=\"async\" width=\"812\" height=\"569\" src=\"https:\/\/ipsc.org.uy\/wp-content\/uploads\/2020\/03\/futp_historia04-1.jpg\" class=\"attachment-large size-large wp-image-2618\" alt=\"\" srcset=\"https:\/\/ipsc.org.uy\/wp-content\/uploads\/2020\/03\/futp_historia04-1.jpg 1024w, https:\/\/ipsc.org.uy\/wp-content\/uploads\/2020\/03\/futp_historia04-1-300x210.jpg 300w, https:\/\/ipsc.org.uy\/wp-content\/uploads\/2020\/03\/futp_historia04-1-768x538.jpg 768w\" sizes=\"(max-width: 812px) 100vw, 812px\" \/>\t\t\t\t\t\t\t\t\t\t\t\t\t\t\t<\/div>\n\t\t\t\t<\/div>\n\t\t\t\t\t<\/div>\n\t\t<\/div>\n\t\t\t\t<div class=\"elementor-column elementor-col-50 elementor-inner-column elementor-element elementor-element-dd31f59\" data-id=\"dd31f59\" data-element_type=\"column\">\n\t\t\t<div class=\"elementor-widget-wrap elementor-element-populated\">\n\t\t\t\t\t\t<div class=\"elementor-element elementor-element-acea8a5 elementor-widget elementor-widget-image\" data-id=\"acea8a5\" data-element_type=\"widget\" data-widget_type=\"image.default\">\n\t\t\t\t<div class=\"elementor-widget-container\">\n\t\t\t\t\t\t\t\t\t\t\t\t\t\t\t<img loading=\"lazy\" decoding=\"async\" width=\"812\" height=\"569\" src=\"https:\/\/ipsc.org.uy\/wp-content\/uploads\/2020\/03\/futp_historia05-1.jpg\" class=\"attachment-large size-large wp-image-2617\" alt=\"\" srcset=\"https:\/\/ipsc.org.uy\/wp-content\/uploads\/2020\/03\/futp_historia05-1.jpg 1024w, https:\/\/ipsc.org.uy\/wp-content\/uploads\/2020\/03\/futp_historia05-1-300x210.jpg 300w, https:\/\/ipsc.org.uy\/wp-content\/uploads\/2020\/03\/futp_historia05-1-768x538.jpg 768w\" sizes=\"(max-width: 812px) 100vw, 812px\" \/>\t\t\t\t\t\t\t\t\t\t\t\t\t\t\t<\/div>\n\t\t\t\t<\/div>\n\t\t\t\t\t<\/div>\n\t\t<\/div>\n\t\t\t\t\t<\/div>\n\t\t<\/section>\n\t\t\t\t\t<\/div>\n\t\t<\/div>\n\t\t\t\t\t<\/div>\n\t\t<\/section>\n\t\t\t\t<section data-particle_enable=\"false\" data-particle-mobile-disabled=\"false\" class=\"elementor-section elementor-top-section elementor-element elementor-element-3626249 elementor-section-boxed elementor-section-height-default elementor-section-height-default\" data-id=\"3626249\" data-element_type=\"section\">\n\t\t\t\t\t\t<div class=\"elementor-container elementor-column-gap-default\">\n\t\t\t\t\t<div class=\"elementor-column elementor-col-100 elementor-top-column elementor-element elementor-element-7e45b58\" data-id=\"7e45b58\" data-element_type=\"column\">\n\t\t\t<div class=\"elementor-widget-wrap elementor-element-populated\">\n\t\t\t\t\t\t<div class=\"elementor-element elementor-element-d9fb752 elementor-widget elementor-widget-spacer\" data-id=\"d9fb752\" data-element_type=\"widget\" data-widget_type=\"spacer.default\">\n\t\t\t\t<div class=\"elementor-widget-container\">\n\t\t\t\t\t\t\t<div class=\"elementor-spacer\">\n\t\t\t<div class=\"elementor-spacer-inner\"><\/div>\n\t\t<\/div>\n\t\t\t\t\t\t<\/div>\n\t\t\t\t<\/div>\n\t\t\t\t\t<\/div>\n\t\t<\/div>\n\t\t\t\t\t<\/div>\n\t\t<\/section>\n\t\t\t\t<\/div>\n\t\t","protected":false},"excerpt":{"rendered":"<p>FUTP \u2013 HISTORIA BREVE HISTORIA DEL TIRO PR\u00c1CTICO EN URUGUAY \u00a0 \u00a0 (Referencias: Ing. Aldo Ipuche y Jorge Fornaro \u201cLa leyenda Vieja\u201d) En 1990 el Ing. Aldo Ipuche estando en Argentina, donde el tiro pr\u00e1ctico empezaba sus primeros pasos, consigue un reglamento IPSC y unos blancos \u201cmetrics\u201d para intentar el comienzo del tiro IPSC en [&hellip;]<\/p>\n","protected":false},"author":1,"featured_media":0,"parent":0,"menu_order":0,"comment_status":"closed","ping_status":"closed","template":"elementor_header_footer","meta":{"footnotes":""},"class_list":["post-262","page","type-page","status-publish","hentry"],"publishpress_future_action":{"enabled":false,"date":"2026-05-08 07:08:52","action":"change-status","newStatus":"draft","terms":[],"taxonomy":"","extraData":[]},"publishpress_future_workflow_manual_trigger":{"enabledWorkflows":[]},"_links":{"self":[{"href":"https:\/\/ipsc.org.uy\/index.php\/wp-json\/wp\/v2\/pages\/262","targetHints":{"allow":["GET"]}}],"collection":[{"href":"https:\/\/ipsc.org.uy\/index.php\/wp-json\/wp\/v2\/pages"}],"about":[{"href":"https:\/\/ipsc.org.uy\/index.php\/wp-json\/wp\/v2\/types\/page"}],"author":[{"embeddable":true,"href":"https:\/\/ipsc.org.uy\/index.php\/wp-json\/wp\/v2\/users\/1"}],"replies":[{"embeddable":true,"href":"https:\/\/ipsc.org.uy\/index.php\/wp-json\/wp\/v2\/comments?post=262"}],"version-history":[{"count":42,"href":"https:\/\/ipsc.org.uy\/index.php\/wp-json\/wp\/v2\/pages\/262\/revisions"}],"predecessor-version":[{"id":2812,"href":"https:\/\/ipsc.org.uy\/index.php\/wp-json\/wp\/v2\/pages\/262\/revisions\/2812"}],"wp:attachment":[{"href":"https:\/\/ipsc.org.uy\/index.php\/wp-json\/wp\/v2\/media?parent=262"}],"curies":[{"name":"wp","href":"https:\/\/api.w.org\/{rel}","templated":true}]}}