{"id":829,"date":"2019-04-03T13:24:42","date_gmt":"2019-04-03T16:24:42","guid":{"rendered":"http:\/\/dimartours.com\/ipsc\/?page_id=829"},"modified":"2022-07-20T00:19:50","modified_gmt":"2022-07-20T03:19:50","slug":"queesipsc","status":"publish","type":"page","link":"https:\/\/ipsc.org.uy\/index.php\/queesipsc\/","title":{"rendered":"Que es IPSC"},"content":{"rendered":"\t\t<div data-elementor-type=\"wp-post\" data-elementor-id=\"829\" class=\"elementor elementor-829\" data-elementor-post-type=\"page\">\n\t\t\t\t\t\t<section data-particle_enable=\"false\" data-particle-mobile-disabled=\"false\" class=\"elementor-section elementor-top-section elementor-element elementor-element-29460cc elementor-hidden-phone elementor-section-boxed elementor-section-height-default elementor-section-height-default\" data-id=\"29460cc\" data-element_type=\"section\">\n\t\t\t\t\t\t<div class=\"elementor-container elementor-column-gap-default\">\n\t\t\t\t\t<div class=\"elementor-column elementor-col-100 elementor-top-column elementor-element elementor-element-964f672\" data-id=\"964f672\" data-element_type=\"column\">\n\t\t\t<div class=\"elementor-widget-wrap elementor-element-populated\">\n\t\t\t\t\t\t<div class=\"elementor-element elementor-element-a4b4143 elementor-widget elementor-widget-spacer\" data-id=\"a4b4143\" data-element_type=\"widget\" data-widget_type=\"spacer.default\">\n\t\t\t\t<div class=\"elementor-widget-container\">\n\t\t\t\t\t\t\t<div class=\"elementor-spacer\">\n\t\t\t<div class=\"elementor-spacer-inner\"><\/div>\n\t\t<\/div>\n\t\t\t\t\t\t<\/div>\n\t\t\t\t<\/div>\n\t\t\t\t\t<\/div>\n\t\t<\/div>\n\t\t\t\t\t<\/div>\n\t\t<\/section>\n\t\t\t\t<section data-particle_enable=\"false\" data-particle-mobile-disabled=\"false\" class=\"elementor-section elementor-top-section elementor-element elementor-element-542b657b elementor-section-boxed elementor-section-height-default elementor-section-height-default\" data-id=\"542b657b\" data-element_type=\"section\">\n\t\t\t\t\t\t<div class=\"elementor-container elementor-column-gap-default\">\n\t\t\t\t\t<div class=\"elementor-column elementor-col-100 elementor-top-column elementor-element elementor-element-5423f510\" data-id=\"5423f510\" data-element_type=\"column\">\n\t\t\t<div class=\"elementor-widget-wrap elementor-element-populated\">\n\t\t\t\t\t\t<div class=\"elementor-element elementor-element-47d6e5c elementor-widget elementor-widget-text-editor\" data-id=\"47d6e5c\" data-element_type=\"widget\" data-widget_type=\"text-editor.default\">\n\t\t\t\t<div class=\"elementor-widget-container\">\n\t\t\t\t\t\t\t\t\t<h2><img decoding=\"async\" class=\"size-full wp-image-2976 alignleft\" src=\"https:\/\/ipsc.org.uy\/wp-content\/uploads\/2020\/06\/brand_ipsc.gif\" alt=\"\" width=\"200\" height=\"200\">\u00bfQue es IPSC?<\/h2>\n<p>IPSC reconoce todas las disciplinas de tiro: pistola, rifle, escopeta y Action Air.<br>Los tiradores IPSC deben combinar precisi\u00f3n, potencia y velocidad en una combinaci\u00f3n ganadora.<br>M\u00faltiples objetivos, objetivos en movimiento, objetivos que reaccionan cuando se golpean, objetivos de penalizaci\u00f3n, o incluso objetivos parcialmente cubiertos, obst\u00e1culos, movimientos, estrategias competitivas y otras t\u00e9cnicas son parte de IPSC para mantener a los tiradores desafiados y a los espectadores interesados.<\/p>\n<h2><img decoding=\"async\" class=\"size-full wp-image-2978 alignright\" src=\"https:\/\/ipsc.org.uy\/wp-content\/uploads\/2020\/06\/IPSC-DVC.jpg\" alt=\"\" width=\"128\" height=\"112\">Lema de IPSC<\/h2>\n<p>Las palabras en lat\u00edn Diligentia, Vis, Celeritas (DVC) que significan precisi\u00f3n, potencia y velocidad son el lema de IPSC y constituyen la base de la competencia.<br>IPSC tambi\u00e9n hace hincapi\u00e9 en los procedimientos para el manejo seguro de armas y el estricto cumplimiento de las reglas que rigen el deporte.<\/p>\n<h2><img fetchpriority=\"high\" decoding=\"async\" class=\"size-full wp-image-2977 alignleft\" src=\"https:\/\/ipsc.org.uy\/wp-content\/uploads\/2020\/06\/IPSC_flag-300x206-1.png\" alt=\"\" width=\"300\" height=\"206\">Bandera IPSC<\/h2>\n<p>Dise\u00f1ada en 1980 y con el escudo IPSC centrado en un campo blanco con un borde azul, la bandera IPSC pasa durante las Ceremonias de Clausura de World Shoot a World Shoot.<\/p>\n<h2>Competencia IPSC<\/h2>\n<p>Competencia IPSC En el disparo IPSC, ning\u00fan curso de tiro es siempre el mismo de una competencia a la siguiente. Se recomienda la diversidad para evitar que el deporte se&nbsp;formalice o estandarice demasiado y, por lo general, los competidores no saben de antemano qu\u00e9 esperar en un partido determinado.<\/p>\n<h2>Pistola<\/h2>\n<p>Los objetivos IPSC tienen un centro de 15 cent\u00edmetros que representa la \u00abzona A\u00bb o la diana.<br>La mayor\u00eda de los disparos se realizan a distancias relativamente cercanas, con disparos raros de hasta 50 metros. Alcanzar una zona de 15 cent\u00edmetros puede parecer f\u00e1cil para un tirador de pistola experimentado, pero en IPSC solo se usan pistolas de potencia completa<br>(9 mm o m\u00e1s).<br>Dominar una pistola a plena potencia es considerablemente m\u00e1s dif\u00edcil que disparar una<br>pistola de tiro de retroceso con luz, especialmente cuando el competidor est\u00e1 tratando de ir lo m\u00e1s r\u00e1pido posible. El tiempo es un factor clave. Los puntos de destino se dividen por el tiempo necesario para alcanzarlos, lo que se suma al desaf\u00edo.<br>Los tiradores con pistola pueden ingresar a una de las cinco divisiones diferentes seg\u00fan el estilo de arma utilizado.<\/p>\n<h2>\u00bfQu\u00e9 es el disparo de IPSC?<\/h2>\n<p>El disparo con IPSC es din\u00e1mico, desafiante y uno de los deportes de tiro de m\u00e1s r\u00e1pido&nbsp;crecimiento en el mundo hoy en d\u00eda. Utilizan muchos aspectos que no se encuentran en las&nbsp;disciplinas de tiro m\u00e1s tradicionales, como el movimiento del tirador, los objetivos en&nbsp;movimiento, los m\u00faltiples objetivos y la libertad del tirador para resolver los desaf\u00edos de tiro&nbsp;presentados en el curso del fuego.<\/p>\n<h2>\u00bfQu\u00e9 hace que los eventos de IPSC sean \u00fanicos?<\/h2>\n<p>El atractivo del deporte radica en la diversidad de los estilos de tiro disponibles para el tirador. Al ofrecer diferentes estilos de tiro en lugar de tipos de set, el disparo IPSC contin\u00faa desafiando al competidor y mejorando sus habilidades. Hay continuamente nuevas<br>demandas para desafiar al entusiasta de los disparos IPSC.<\/p>\n<h2>Regiones IPSC &#8211; \u00bfQu\u00e9 son las regiones IPSC?<\/h2>\n<p>Las regiones (pa\u00edses) son las organizaciones que promueven el deporte de IPSC y son los representantes de IPSC. Todos los tiradores de IPSC se convierten en miembros de IPSC uni\u00e9ndose a su Regi\u00f3n afiliada.<\/p>\n<h2>\u00bfQu\u00e9 tipo de torneos promueve IPSC?<\/h2>\n<p>Las coincidencias IPSC se basan en los principios de precisi\u00f3n, potencia y velocidad. Los torneos son variados y se basan en el uso seguro de la pistola. La participaci\u00f3n en estos torneos desarrollar\u00e1 un alto grado de seguridad y competencia, adem\u00e1s de proporcionar un emocionante medio de recreaci\u00f3n.<\/p>\n<h2>\u00bfQu\u00e9 tipo de personas compiten en Torneos de IPSC?<\/h2>\n<p>Como en cualquier otro deporte popular, una gran variedad de personas disfrutan de los disparos IPSC. Nuestra membres\u00eda abarca casi todas las ocupaciones, desde artesanos hasta ejecutivos. Tambi\u00e9n tenemos la suerte de contar con muchas mujeres y familias que participan en nuestros programas de tiro. No es raro encontrar esposos y esposas y familias que participan en las actividades de IPSC. Todas las personas en nuestras competiciones son fuertes creyentes en la seguridad y el manejo seguro de las armas, as\u00ed como en el buen esp\u00edritu deportivo.<\/p>\n<h2>\u00bfHay un lugar en IPSC para principiantes?<\/h2>\n<p>\u00a1Absolutamente! Todos los que compiten actualmente estaban alguna vez en la etapa de principiante. Al participar en los torneos organizados por un club IPSC, tendr\u00e1 la ventaja de contar con oficiales de rango calificados. Normalmente encontrar\u00e1s que los tiradores de IPSC se complacen en darte una mano para comenzar. Al usar el sistema de clasificaci\u00f3n ICS,<br>los tiradores pueden estar seguros de que enfrentar\u00e1n un nivel de habilidad igual.<\/p>\n<h2>\u00bfEs IPSC disparar un deporte caro?<\/h2>\n<p>Como en cualquier otra actividad recreativa, pr\u00e1cticamente no hay l\u00edmite para la cantidad que puede gastar en armas de fuego y equipo asociado. Sin embargo, para obtener un comienzo s\u00f3lido en el disparo IPSC, todo lo que se requiere es un arma confiable, equipo adecuado, municiones, protecci\u00f3n para los ojos y los o\u00eddos y una gran dosis de entusiasmo.<\/p>\n<h2>Pistolas IPSC \u00bfQu\u00e9 tipo de armas se utilizan para disparar IPSC?<\/h2>\n<p>Ver\u00e1s armas de fuego est\u00e1ndar y armas ex\u00f3ticas personalizadas en competiciones IPSC.<br>Le recomendamos que determine cu\u00e1l es la mejor opci\u00f3n cuando comience a competir.<\/p>\n<h2>\u00bfCu\u00e1les son las ventajas de ser miembro de IPSC?<\/h2>\n<p>IPSC ofrece muchos beneficios a su membres\u00eda y el precio de la membres\u00eda es probablemente menor que un par de cajas de municiones.<br>Como miembro, usted estar\u00e1 ayudando a la organizaci\u00f3n a promover y desarrollar el deporte del tiro IPSC.<br>Como miembro, ser\u00e1s elegible para unirte y participar en actividades de tiro a nivel local, regional, nacional e internacional.<br>Como miembro, debe tener un libro de reglas oficial que detalla las regulaciones y los sistemas de puntuaci\u00f3n utilizados en el disparo IPSC.<br>Como miembro, recibir\u00e1s apoyo del Instituto Nacional de Oficiales de Campo (INOC) y de la<br>Asociaci\u00f3n Internacional de Oficiales de Campo, que realizan cl\u00ednicas para mejorar los disparos y entrenar a los Oficiales de Campo para competiciones.<\/p>\n<p><em><strong>\u00a1Como miembro, ser\u00e1s un participante en el deporte de tiro m\u00e1s din\u00e1mico y desafiante del mundo!<\/strong><\/em><\/p>\t\t\t\t\t\t\t\t<\/div>\n\t\t\t\t<\/div>\n\t\t\t\t\t<\/div>\n\t\t<\/div>\n\t\t\t\t\t<\/div>\n\t\t<\/section>\n\t\t\t\t<section data-particle_enable=\"false\" data-particle-mobile-disabled=\"false\" class=\"elementor-section elementor-top-section elementor-element elementor-element-6939513 elementor-section-boxed elementor-section-height-default elementor-section-height-default\" data-id=\"6939513\" data-element_type=\"section\">\n\t\t\t\t\t\t<div class=\"elementor-container elementor-column-gap-default\">\n\t\t\t\t\t<div class=\"elementor-column elementor-col-100 elementor-top-column elementor-element elementor-element-d3ed95a\" data-id=\"d3ed95a\" data-element_type=\"column\">\n\t\t\t<div class=\"elementor-widget-wrap elementor-element-populated\">\n\t\t\t\t\t\t<div class=\"elementor-element elementor-element-f861c88 elementor-align-center elementor-widget elementor-widget-button\" data-id=\"f861c88\" data-element_type=\"widget\" data-widget_type=\"button.default\">\n\t\t\t\t<div class=\"elementor-widget-container\">\n\t\t\t\t\t\t\t\t\t<div class=\"elementor-button-wrapper\">\n\t\t\t\t\t<a class=\"elementor-button elementor-button-link elementor-size-md\" href=\"https:\/\/www.ipsc.org\/\" target=\"_blank\">\n\t\t\t\t\t\t<span class=\"elementor-button-content-wrapper\">\n\t\t\t\t\t\t\t\t\t<span class=\"elementor-button-text\">Conoce m\u00e1s en:\u00a0www.ipsc.org<\/span>\n\t\t\t\t\t<\/span>\n\t\t\t\t\t<\/a>\n\t\t\t\t<\/div>\n\t\t\t\t\t\t\t\t<\/div>\n\t\t\t\t<\/div>\n\t\t\t\t\t<\/div>\n\t\t<\/div>\n\t\t\t\t\t<\/div>\n\t\t<\/section>\n\t\t\t\t<section data-particle_enable=\"false\" data-particle-mobile-disabled=\"false\" class=\"elementor-section elementor-top-section elementor-element elementor-element-5995fc8 elementor-section-boxed elementor-section-height-default elementor-section-height-default\" data-id=\"5995fc8\" data-element_type=\"section\">\n\t\t\t\t\t\t<div class=\"elementor-container elementor-column-gap-default\">\n\t\t\t\t\t<div class=\"elementor-column elementor-col-100 elementor-top-column elementor-element elementor-element-1de4506\" data-id=\"1de4506\" data-element_type=\"column\">\n\t\t\t<div class=\"elementor-widget-wrap elementor-element-populated\">\n\t\t\t\t\t\t<div class=\"elementor-element elementor-element-fd65df7 elementor-widget elementor-widget-spacer\" data-id=\"fd65df7\" data-element_type=\"widget\" data-widget_type=\"spacer.default\">\n\t\t\t\t<div class=\"elementor-widget-container\">\n\t\t\t\t\t\t\t<div class=\"elementor-spacer\">\n\t\t\t<div class=\"elementor-spacer-inner\"><\/div>\n\t\t<\/div>\n\t\t\t\t\t\t<\/div>\n\t\t\t\t<\/div>\n\t\t\t\t\t<\/div>\n\t\t<\/div>\n\t\t\t\t\t<\/div>\n\t\t<\/section>\n\t\t\t\t<\/div>\n\t\t","protected":false},"excerpt":{"rendered":"<p>\u00bfQue es IPSC? IPSC reconoce todas las disciplinas de tiro: pistola, rifle, escopeta y Action Air.Los tiradores IPSC deben combinar precisi\u00f3n, potencia y velocidad en una combinaci\u00f3n ganadora.M\u00faltiples objetivos, objetivos en movimiento, objetivos que reaccionan cuando se golpean, objetivos de penalizaci\u00f3n, o incluso objetivos parcialmente cubiertos, obst\u00e1culos, movimientos, estrategias competitivas y otras t\u00e9cnicas son parte [&hellip;]<\/p>\n","protected":false},"author":1,"featured_media":0,"parent":0,"menu_order":0,"comment_status":"closed","ping_status":"closed","template":"elementor_header_footer","meta":{"footnotes":""},"class_list":["post-829","page","type-page","status-publish","hentry"],"publishpress_future_action":{"enabled":false,"date":"2026-05-21 06:34:19","action":"change-status","newStatus":"draft","terms":[],"taxonomy":"","extraData":[]},"publishpress_future_workflow_manual_trigger":{"enabledWorkflows":[]},"_links":{"self":[{"href":"https:\/\/ipsc.org.uy\/index.php\/wp-json\/wp\/v2\/pages\/829","targetHints":{"allow":["GET"]}}],"collection":[{"href":"https:\/\/ipsc.org.uy\/index.php\/wp-json\/wp\/v2\/pages"}],"about":[{"href":"https:\/\/ipsc.org.uy\/index.php\/wp-json\/wp\/v2\/types\/page"}],"author":[{"embeddable":true,"href":"https:\/\/ipsc.org.uy\/index.php\/wp-json\/wp\/v2\/users\/1"}],"replies":[{"embeddable":true,"href":"https:\/\/ipsc.org.uy\/index.php\/wp-json\/wp\/v2\/comments?post=829"}],"version-history":[{"count":29,"href":"https:\/\/ipsc.org.uy\/index.php\/wp-json\/wp\/v2\/pages\/829\/revisions"}],"predecessor-version":[{"id":4437,"href":"https:\/\/ipsc.org.uy\/index.php\/wp-json\/wp\/v2\/pages\/829\/revisions\/4437"}],"wp:attachment":[{"href":"https:\/\/ipsc.org.uy\/index.php\/wp-json\/wp\/v2\/media?parent=829"}],"curies":[{"name":"wp","href":"https:\/\/api.w.org\/{rel}","templated":true}]}}